{"id":107752,"date":"2026-03-14T11:14:27","date_gmt":"2026-03-14T10:14:27","guid":{"rendered":"https:\/\/weingut-gemuenden.de\/shop\/product\/2025-grauburgunder-trocken-2\/"},"modified":"2026-04-25T19:59:42","modified_gmt":"2026-04-25T17:59:42","slug":"2025-grauburgunder-trocken","status":"publish","type":"product","link":"https:\/\/weingut-gemuenden.de\/shop\/product\/2025-grauburgunder-trocken\/","title":{"rendered":"2025 GRAUBURGUNDER &#8211; trocken"},"content":{"rendered":"","protected":false},"excerpt":{"rendered":"<p>Reife gelbe Fr\u00fcchte pr\u00e4gen das Bouquet dieses Grauburgunders aus dem Jahrgang 2025. Aromen von Mirabelle und Aprikose stehen im Vordergrund und werden von feinen, leicht w\u00fcrzigen Nuancen begleitet, die dem Duft zus\u00e4tzliche Tiefe verleihen. Am Gaumen zeigt sich der Wein weich und harmonisch mit ausgepr\u00e4gtem Schmelz. Die S\u00e4ure wirkt sehr dezent und tritt zugunsten der fruchtigen F\u00fclle und der runden Struktur in den Hintergrund. Eine feine mineralische Note sorgt f\u00fcr Balance und Eleganz. Der Wein pr\u00e4sentiert sich ausgewogen und ruhig, mit einem angenehmen, lang anhaltenden Nachhall.<\/p>\n","protected":false},"featured_media":107976,"menu_order":25102,"comment_status":"open","ping_status":"closed","template":"","meta":{"_seopress_robots_primary_cat":"","_seopress_titles_title":"","_seopress_titles_desc":"","_seopress_robots_index":"","_et_pb_use_builder":"","_et_pb_old_content":"","_et_gb_content_width":""},"product_brand":[],"product_cat":[1585],"product_tag":[],"class_list":{"0":"post-107752","1":"product","2":"type-product","3":"status-publish","4":"has-post-thumbnail","6":"product_cat-gutswein-gutswein-weisswein","8":"first","9":"instock","10":"taxable","11":"shipping-taxable","12":"purchasable","13":"product-type-simple"},"_links":{"self":[{"href":"https:\/\/weingut-gemuenden.de\/shop\/wp-json\/wp\/v2\/product\/107752","targetHints":{"allow":["GET"]}}],"collection":[{"href":"https:\/\/weingut-gemuenden.de\/shop\/wp-json\/wp\/v2\/product"}],"about":[{"href":"https:\/\/weingut-gemuenden.de\/shop\/wp-json\/wp\/v2\/types\/product"}],"replies":[{"embeddable":true,"href":"https:\/\/weingut-gemuenden.de\/shop\/wp-json\/wp\/v2\/comments?post=107752"}],"wp:featuredmedia":[{"embeddable":true,"href":"https:\/\/weingut-gemuenden.de\/shop\/wp-json\/wp\/v2\/media\/107976"}],"wp:attachment":[{"href":"https:\/\/weingut-gemuenden.de\/shop\/wp-json\/wp\/v2\/media?parent=107752"}],"wp:term":[{"taxonomy":"product_brand","embeddable":true,"href":"https:\/\/weingut-gemuenden.de\/shop\/wp-json\/wp\/v2\/product_brand?post=107752"},{"taxonomy":"product_cat","embeddable":true,"href":"https:\/\/weingut-gemuenden.de\/shop\/wp-json\/wp\/v2\/product_cat?post=107752"},{"taxonomy":"product_tag","embeddable":true,"href":"https:\/\/weingut-gemuenden.de\/shop\/wp-json\/wp\/v2\/product_tag?post=107752"}],"curies":[{"name":"wp","href":"https:\/\/api.w.org\/{rel}","templated":true}]}}